{"id":4038,"date":"2020-06-12T16:27:46","date_gmt":"2020-06-12T14:27:46","guid":{"rendered":"https:\/\/saiexcellence.com\/avis-legal\/"},"modified":"2020-07-10T13:28:51","modified_gmt":"2020-07-10T11:28:51","slug":"aviso-legal","status":"publish","type":"page","link":"https:\/\/saiexcellence.com\/es\/aviso-legal\/","title":{"rendered":"Aviso legal"},"content":{"rendered":"<div class=\"wpb-content-wrapper\"><p>[vc_row][vc_column css=\u00bb.vc_custom_1575296582826{padding-bottom: 30px !important;}\u00bb][vc_column_text]<\/p>\n<h3>Introducci\u00f3n<\/h3>\n<p>SAI EXCELLENCE es una empresa que de acuerdo con lo establecido por el Reglamento UE 2016\/679 del Parlamento Europeo y del Consejo de 27 de abril de 2016, relativo a la protecci\u00f3n de las personas f\u00edsicas en lo que respecta al tratamiento de los datos personales y a la libre circulaci\u00f3n de estos, ha desarrollado procedimientos globales sobre el uso de la informaci\u00f3n con el fin de garantizar el respeto de la privacidad y la protecci\u00f3n de los datos de los usuarios. Nuestra Pol\u00edtica de Privacidad expone los procedimientos que aplica SAI EXCELLENCE a la informaci\u00f3n enviada por Internet para el manejo de los datos de car\u00e1cter personal y no personal, y est\u00e1 elaborada de acuerdo con las leyes y normativas aplicables en Espa\u00f1a. Le rogamos que lea atentamente esta Pol\u00edtica de Privacidad antes de utilizar el sitio web de SAI EXCELLENCE (en adelante \u00abSitio\u00bb).<\/p>\n<h3>\u00bfC\u00f3mo se utiliza su informaci\u00f3n?<\/h3>\n<p>SAI EXCELLENCE no vender\u00e1, alquilar\u00e1, prestar\u00e1 ni ceder\u00e1 su informaci\u00f3n personal a terceros a menos que usted lo autorice o SAI EXCELLENCE est\u00e9 obligada a hacerlo por ley. SAI EXCELLENCE no usar\u00e1 ni compartir\u00e1 la informaci\u00f3n personal que usted nos facilite a trav\u00e9s de Internet para fines no relacionados con los aqu\u00ed descritos. En el caso de requerir sus datos para otros fines, se le comunicar\u00e1 para que pueda aceptarlo si as\u00ed lo desea. S\u00f3lo compartiremos su informaci\u00f3n personal con entidades de SAI EXCELLENCE (incluidas empresas filiales y asociadas) y\/o con colaboradores que act\u00faen en nuestro nombre para suministrar el servicio o la informaci\u00f3n que usted ha solicitado, as\u00ed como para consolidar el almacenamiento de datos o para simplificar la gesti\u00f3n de los datos de los clientes. Dichas entidades y\/o colaboradores de SAI EXCELLENCE est\u00e1n sujetos a nuestra Pol\u00edtica de Privacidad con respecto al uso de la informaci\u00f3n de car\u00e1cter personal, as\u00ed como a los acuerdos de confidencialidad aplicables en cada caso.<\/p>\n<h3>\u00bfQu\u00e9 informaci\u00f3n recopilamos?<\/h3>\n<p><strong>Informaci\u00f3n no personal<\/strong><\/p>\n<p>Al visitar nuestro Sitio, usted puede realizar diversas operaciones sin necesidad de facilitarnos sus datos personales. Sin embargo, empleamos para recopilar y reunir informaci\u00f3n sobre las p\u00e1ginas visitadas, el orden en el que han sido visitadas y los enlaces utilizados, entre otros datos. Dicha informaci\u00f3n no est\u00e1 relacionada con ning\u00fan dato de identificaci\u00f3n personal. La informaci\u00f3n de car\u00e1cter no personal que recopilamos nos ayuda a identificar las zonas m\u00e1s visitadas de nuestro Sitio y a conocer la eficacia de nuestras actividades promocionales.<\/p>\n<p><strong>Informaci\u00f3n personal<\/strong><\/p>\n<p>En algunos espacios del sitio de SAI EXCELLENCE, puede realizar solicitudes, expresar su opini\u00f3n o suscribirse a uno de nuestros servicios en Internet. Los datos de identificaci\u00f3n personales que pueden recopilarse en dichas p\u00e1ginas pueden ser del mismo tipo que los siguientes: nombre, direcci\u00f3n, direcci\u00f3n de correo electr\u00f3nico, n\u00famero de tel\u00e9fono, n\u00famero de fax e informaci\u00f3n sobre su opini\u00f3n y uso de diversos servicios. SAI EXCELLENCE utiliza todos estos datos para comprender mejor sus necesidades y ofrecerle un mejor servicio. Los datos personales contenidos en el formulario ser\u00e1n conservados por la entidad por tiempo indefinido o por el tiempo establecido por la normativa aplicable en cada caso. Con la firma de la presente solicitud consiente expresamente la comunicaci\u00f3n de sus datos por parte de SAI EXCELLENCE con entidades liliales o asociadas, con finalidades propias de gesti\u00f3n, as\u00ed como para poder mantenerle informado de las novedades, actividades, proyectos que lleven a cabo. Le informamos que no est\u00e1 prevista la realizaci\u00f3n de transferencias internacionales de datos.<\/p>\n<h3>\u00bfPor qu\u00e9 recopilamos su informaci\u00f3n personal?<\/h3>\n<p><strong>Listas de correo<\/strong><\/p>\n<p>En ocasiones, SAI EXCELLENCE ofrece a los visitantes la posibilidad de facilitar su direcci\u00f3n de correo electr\u00f3nico con el fin de recibir un bolet\u00edn de noticias o informaci\u00f3n sobre un servicio. Estas direcciones de correo s\u00f3lo se utilizar\u00e1n con esta finalidad y nunca se compartir\u00e1n con otras empresas a menos que usted as\u00ed lo autorice.<\/p>\n<h3>\u00bfC\u00f3mo protegemos su informaci\u00f3n?<\/h3>\n<p>Para impedir el acceso o la revelaci\u00f3n de datos no autorizados, as\u00ed como para mantener la precisi\u00f3n de los datos y garantizar un uso adecuado de la informaci\u00f3n, hemos empleado medios f\u00edsicos, electr\u00f3nicos y de gesti\u00f3n para salvaguardar los datos que recopilamos a trav\u00e9s de Internet.<\/p>\n<h3>Acceso a su informaci\u00f3n<\/h3>\n<p>Usted tiene el derecho de acceder a su informaci\u00f3n personal, rectificarla y suprimirla en cualquier momento, as\u00ed como tiene derecho a oponerse al tratamiento de sus datos Tambi\u00e9n tiene el derecho de solicitar y obtener una limitaci\u00f3n del tratamiento de sus datos, as\u00ed como de solicitar la portabilidad de sus datos a otro responsable. Para ejercer estos derechos, p\u00f3ngase en contacto con nosotros en el formulario de contacto de esta p\u00e1gina web.<\/p>\n<h3>Sitios web de terceros<\/h3>\n<p>Nuestra Pol\u00edtica de Privacidad s\u00f3lo se aplica a los espacios del sitio web controlados por SAI EXCELLENCE, y los enlaces a sitios web de terceros s\u00f3lo se facilitan para su comodidad. Es recomendable que consulte la pol\u00edtica de privacidad de dichos sitios web antes de facilitarles datos de car\u00e1cter personal. SAI EXCELLENCE no ha revisado todos los sitios web de terceros, no tiene control alguno sobre ellos y declina toda responsabilidad con respecto a dichos sitios, su contenido y sus pol\u00edticas de privacidad. Por ello, SAI EXCELLENCE no aprueba ni act\u00faa en representaci\u00f3n de dichos sitios web ni de la informaci\u00f3n, los productos u otros materiales que puedan contener.<\/p>\n<h3>\u00bfC\u00f3mo ponerse en contacto con nosotros?<\/h3>\n<p>Su opini\u00f3n es muy importante para nosotros. Si tiene alguna pregunta o desea realizar alg\u00fan comentario sobre nuestra Pol\u00edtica de Privacidad, p\u00f3ngase en contacto con nosotros en el formulario de contacto de esta p\u00e1gina web. Tambi\u00e9n puede hacerlo escribiendo a:<\/p>\n<p><strong>Datos de contacto<\/strong><\/p>\n<p>SAI EXCELLENCE<\/p>\n<p>C. del Pi 45<br \/>\n08458 Sant Pere de Vilamajor<br \/>\nBarcelona<\/p>\n<p><a href=\"mailto:info@saiexcellence.com\">info<\/a><a href=\"mailto:info@saiexcellence.com\">@saiexcellence.com<\/a>[\/vc_column_text][\/vc_column][\/vc_row]<\/p>\n<\/div>","protected":false},"excerpt":{"rendered":"<p>[vc_row][vc_column css=\u00bb.vc_custom_1575296582826{padding-bottom: 30px !important;}\u00bb][vc_column_text] Introducci\u00f3n SAI EXCELLENCE es una empresa que de acuerdo con lo establecido por el Reglamento UE 2016\/679 del Parlamento Europeo y del Consejo de 27 de abril de 2016, relativo a la protecci\u00f3n de las personas f\u00edsicas en lo que respecta al tratamiento de los datos personales y a la libre&hellip;<\/p>\n","protected":false},"author":1,"featured_media":0,"parent":0,"menu_order":30,"comment_status":"closed","ping_status":"closed","template":"","meta":{"footnotes":""},"class_list":["post-4038","page","type-page","status-publish","hentry","description-off"],"yoast_head":"<!-- This site is optimized with the Yoast SEO plugin v27.5 - https:\/\/yoast.com\/product\/yoast-seo-wordpress\/ -->\n<title>Aviso legal - SAI Excellence Instalaci\u00f3n y mantenimiento de SAIs<\/title>\n<meta name=\"description\" content=\"Aviso legal de SAI Excellence. Conoce las cl\u00e1usulas y condiciones legales de SAI Excellence y las condiciones de uso de este sitio web.\" \/>\n<meta name=\"robots\" content=\"index, follow, max-snippet:-1, max-image-preview:large, max-video-preview:-1\" \/>\n<link rel=\"canonical\" href=\"https:\/\/saiexcellence.com\/es\/aviso-legal\/\" \/>\n<meta property=\"og:locale\" content=\"es_ES\" \/>\n<meta property=\"og:type\" content=\"article\" \/>\n<meta property=\"og:title\" content=\"SAI Excellence - Instalaci\u00f3n y mantenimiento de SAIs\" \/>\n<meta property=\"og:description\" content=\"Aviso legal de SAI Excellence. Conoce las cl\u00e1usulas y condiciones legales de SAI Excellence y las condiciones de uso de este sitio web.\" \/>\n<meta property=\"og:url\" content=\"https:\/\/saiexcellence.com\/es\/aviso-legal\/\" \/>\n<meta property=\"og:site_name\" content=\"SAI Excellence\" \/>\n<meta property=\"article:modified_time\" content=\"2020-07-10T11:28:51+00:00\" \/>\n<meta property=\"og:image\" content=\"https:\/\/saiexcellence.com\/wp-content\/uploads\/2020\/06\/SAI-retina.png\" \/>\n\t<meta property=\"og:image:width\" content=\"200\" \/>\n\t<meta property=\"og:image:height\" content=\"200\" \/>\n\t<meta property=\"og:image:type\" content=\"image\/png\" \/>\n<meta name=\"twitter:card\" content=\"summary_large_image\" \/>\n<meta name=\"twitter:title\" content=\"SAI Excellence - Instalaci\u00f3n y mantenimiento de SAIs\" \/>\n<meta name=\"twitter:description\" content=\"Aviso legal de SAI Excellence. Conoce las cl\u00e1usulas y condiciones legales de SAI Excellence y las condiciones de uso de este sitio web.\" \/>\n<meta name=\"twitter:image\" content=\"https:\/\/saiexcellence.com\/wp-content\/uploads\/2020\/06\/SAI-retina.png\" \/>\n<meta name=\"twitter:label1\" content=\"Tiempo de lectura\" \/>\n\t<meta name=\"twitter:data1\" content=\"5 minutos\" \/>\n<script type=\"application\/ld+json\" class=\"yoast-schema-graph\">{\"@context\":\"https:\\\/\\\/schema.org\",\"@graph\":[{\"@type\":\"WebPage\",\"@id\":\"https:\\\/\\\/saiexcellence.com\\\/es\\\/aviso-legal\\\/\",\"url\":\"https:\\\/\\\/saiexcellence.com\\\/es\\\/aviso-legal\\\/\",\"name\":\"Aviso legal - SAI Excellence Instalaci\u00f3n y mantenimiento de SAIs\",\"isPartOf\":{\"@id\":\"https:\\\/\\\/saiexcellence.com\\\/#website\"},\"datePublished\":\"2020-06-12T14:27:46+00:00\",\"dateModified\":\"2020-07-10T11:28:51+00:00\",\"description\":\"Aviso legal de SAI Excellence. Conoce las cl\u00e1usulas y condiciones legales de SAI Excellence y las condiciones de uso de este sitio web.\",\"breadcrumb\":{\"@id\":\"https:\\\/\\\/saiexcellence.com\\\/es\\\/aviso-legal\\\/#breadcrumb\"},\"inLanguage\":\"es\",\"potentialAction\":[{\"@type\":\"ReadAction\",\"target\":[\"https:\\\/\\\/saiexcellence.com\\\/es\\\/aviso-legal\\\/\"]}]},{\"@type\":\"BreadcrumbList\",\"@id\":\"https:\\\/\\\/saiexcellence.com\\\/es\\\/aviso-legal\\\/#breadcrumb\",\"itemListElement\":[{\"@type\":\"ListItem\",\"position\":1,\"name\":\"Inici\",\"item\":\"https:\\\/\\\/saiexcellence.com\\\/es\\\/\"},{\"@type\":\"ListItem\",\"position\":2,\"name\":\"Aviso legal\"}]},{\"@type\":\"WebSite\",\"@id\":\"https:\\\/\\\/saiexcellence.com\\\/#website\",\"url\":\"https:\\\/\\\/saiexcellence.com\\\/\",\"name\":\"SAI Excellence\",\"description\":\"Instalaci\u00f3n y mantenimiento de SAIs\",\"publisher\":{\"@id\":\"https:\\\/\\\/saiexcellence.com\\\/#organization\"},\"potentialAction\":[{\"@type\":\"SearchAction\",\"target\":{\"@type\":\"EntryPoint\",\"urlTemplate\":\"https:\\\/\\\/saiexcellence.com\\\/?s={search_term_string}\"},\"query-input\":{\"@type\":\"PropertyValueSpecification\",\"valueRequired\":true,\"valueName\":\"search_term_string\"}}],\"inLanguage\":\"es\"},{\"@type\":\"Organization\",\"@id\":\"https:\\\/\\\/saiexcellence.com\\\/#organization\",\"name\":\"SAI Excellence\",\"url\":\"https:\\\/\\\/saiexcellence.com\\\/\",\"logo\":{\"@type\":\"ImageObject\",\"inLanguage\":\"es\",\"@id\":\"https:\\\/\\\/saiexcellence.com\\\/#\\\/schema\\\/logo\\\/image\\\/\",\"url\":\"https:\\\/\\\/saiexcellence.com\\\/wp-content\\\/uploads\\\/2020\\\/06\\\/SAI-retina.png\",\"contentUrl\":\"https:\\\/\\\/saiexcellence.com\\\/wp-content\\\/uploads\\\/2020\\\/06\\\/SAI-retina.png\",\"width\":200,\"height\":200,\"caption\":\"SAI Excellence\"},\"image\":{\"@id\":\"https:\\\/\\\/saiexcellence.com\\\/#\\\/schema\\\/logo\\\/image\\\/\"}}]}<\/script>\n<!-- \/ Yoast SEO plugin. -->","yoast_head_json":{"title":"Aviso legal - SAI Excellence Instalaci\u00f3n y mantenimiento de SAIs","description":"Aviso legal de SAI Excellence. Conoce las cl\u00e1usulas y condiciones legales de SAI Excellence y las condiciones de uso de este sitio web.","robots":{"index":"index","follow":"follow","max-snippet":"max-snippet:-1","max-image-preview":"max-image-preview:large","max-video-preview":"max-video-preview:-1"},"canonical":"https:\/\/saiexcellence.com\/es\/aviso-legal\/","og_locale":"es_ES","og_type":"article","og_title":"SAI Excellence - Instalaci\u00f3n y mantenimiento de SAIs","og_description":"Aviso legal de SAI Excellence. Conoce las cl\u00e1usulas y condiciones legales de SAI Excellence y las condiciones de uso de este sitio web.","og_url":"https:\/\/saiexcellence.com\/es\/aviso-legal\/","og_site_name":"SAI Excellence","article_modified_time":"2020-07-10T11:28:51+00:00","og_image":[{"width":200,"height":200,"url":"https:\/\/saiexcellence.com\/wp-content\/uploads\/2020\/06\/SAI-retina.png","type":"image\/png"}],"twitter_card":"summary_large_image","twitter_title":"SAI Excellence - Instalaci\u00f3n y mantenimiento de SAIs","twitter_description":"Aviso legal de SAI Excellence. Conoce las cl\u00e1usulas y condiciones legales de SAI Excellence y las condiciones de uso de este sitio web.","twitter_image":"https:\/\/saiexcellence.com\/wp-content\/uploads\/2020\/06\/SAI-retina.png","twitter_misc":{"Tiempo de lectura":"5 minutos"},"schema":{"@context":"https:\/\/schema.org","@graph":[{"@type":"WebPage","@id":"https:\/\/saiexcellence.com\/es\/aviso-legal\/","url":"https:\/\/saiexcellence.com\/es\/aviso-legal\/","name":"Aviso legal - SAI Excellence Instalaci\u00f3n y mantenimiento de SAIs","isPartOf":{"@id":"https:\/\/saiexcellence.com\/#website"},"datePublished":"2020-06-12T14:27:46+00:00","dateModified":"2020-07-10T11:28:51+00:00","description":"Aviso legal de SAI Excellence. Conoce las cl\u00e1usulas y condiciones legales de SAI Excellence y las condiciones de uso de este sitio web.","breadcrumb":{"@id":"https:\/\/saiexcellence.com\/es\/aviso-legal\/#breadcrumb"},"inLanguage":"es","potentialAction":[{"@type":"ReadAction","target":["https:\/\/saiexcellence.com\/es\/aviso-legal\/"]}]},{"@type":"BreadcrumbList","@id":"https:\/\/saiexcellence.com\/es\/aviso-legal\/#breadcrumb","itemListElement":[{"@type":"ListItem","position":1,"name":"Inici","item":"https:\/\/saiexcellence.com\/es\/"},{"@type":"ListItem","position":2,"name":"Aviso legal"}]},{"@type":"WebSite","@id":"https:\/\/saiexcellence.com\/#website","url":"https:\/\/saiexcellence.com\/","name":"SAI Excellence","description":"Instalaci\u00f3n y mantenimiento de SAIs","publisher":{"@id":"https:\/\/saiexcellence.com\/#organization"},"potentialAction":[{"@type":"SearchAction","target":{"@type":"EntryPoint","urlTemplate":"https:\/\/saiexcellence.com\/?s={search_term_string}"},"query-input":{"@type":"PropertyValueSpecification","valueRequired":true,"valueName":"search_term_string"}}],"inLanguage":"es"},{"@type":"Organization","@id":"https:\/\/saiexcellence.com\/#organization","name":"SAI Excellence","url":"https:\/\/saiexcellence.com\/","logo":{"@type":"ImageObject","inLanguage":"es","@id":"https:\/\/saiexcellence.com\/#\/schema\/logo\/image\/","url":"https:\/\/saiexcellence.com\/wp-content\/uploads\/2020\/06\/SAI-retina.png","contentUrl":"https:\/\/saiexcellence.com\/wp-content\/uploads\/2020\/06\/SAI-retina.png","width":200,"height":200,"caption":"SAI Excellence"},"image":{"@id":"https:\/\/saiexcellence.com\/#\/schema\/logo\/image\/"}}]}},"_links":{"self":[{"href":"https:\/\/saiexcellence.com\/es\/wp-json\/wp\/v2\/pages\/4038","targetHints":{"allow":["GET"]}}],"collection":[{"href":"https:\/\/saiexcellence.com\/es\/wp-json\/wp\/v2\/pages"}],"about":[{"href":"https:\/\/saiexcellence.com\/es\/wp-json\/wp\/v2\/types\/page"}],"author":[{"embeddable":true,"href":"https:\/\/saiexcellence.com\/es\/wp-json\/wp\/v2\/users\/1"}],"replies":[{"embeddable":true,"href":"https:\/\/saiexcellence.com\/es\/wp-json\/wp\/v2\/comments?post=4038"}],"version-history":[{"count":4,"href":"https:\/\/saiexcellence.com\/es\/wp-json\/wp\/v2\/pages\/4038\/revisions"}],"predecessor-version":[{"id":4046,"href":"https:\/\/saiexcellence.com\/es\/wp-json\/wp\/v2\/pages\/4038\/revisions\/4046"}],"wp:attachment":[{"href":"https:\/\/saiexcellence.com\/es\/wp-json\/wp\/v2\/media?parent=4038"}],"curies":[{"name":"wp","href":"https:\/\/api.w.org\/{rel}","templated":true}]}}