{"id":4021,"date":"2019-10-16T16:13:12","date_gmt":"2019-10-16T14:13:12","guid":{"rendered":"https:\/\/saiexcellence.com\/serveis\/"},"modified":"2020-07-09T14:32:33","modified_gmt":"2020-07-09T12:32:33","slug":"servicios","status":"publish","type":"page","link":"https:\/\/saiexcellence.com\/es\/servicios\/","title":{"rendered":"Servicios"},"content":{"rendered":"<div class=\"wpb-content-wrapper\"><p>[vc_row css=\u00bb.vc_custom_1591880069083{padding-top: 40px !important;padding-bottom: 100px !important;}\u00bb][vc_column][vc_column_text]<\/p>\n<h2>SERVICIOS<\/h2>\n<p>[\/vc_column_text][vc_empty_space height=\u00bb20px\u00bb][vc_row_inner css=\u00bb.vc_custom_1591878686436{margin-top: 30px !important;}\u00bb][vc_column_inner width=\u00bb1\/3&#8243;][vc_single_image image=\u00bb3772&#8243; img_size=\u00bbfull\u00bb alignment=\u00bbcenter\u00bb][vc_column_text]<\/p>\n<h3>MANTENIMIENTO Y SUMINISTRO DE SAIS<\/h3>\n<p>Todas nuestras modalidades de mantenimiento incluyen una visita preventiva (m\u00e1s si el cliente lo requiere). Visita en la que se puede prever a un a\u00f1o vista qu\u00e9 elementos de desgaste, como bater\u00edas y condensadores, pueden ser susceptibles de cambiarse durante el pr\u00f3ximo a\u00f1o.[\/vc_column_text]<style type=\"text\/css\" data-type=\"the7_shortcodes-inline-css\">#default-btn-39127a471ec623e56d98536b3c1e2206.ico-right-side > i {\n  margin-right: 0px;\n  margin-left: 8px;\n}\n#default-btn-39127a471ec623e56d98536b3c1e2206 > i {\n  margin-right: 8px;\n}<\/style><a href=\"\/es\/servicios\/modalidades-de-mantenimiento\/\" class=\"default-btn-shortcode dt-btn dt-btn-m link-hover-off btn-inline-left \" id=\"default-btn-39127a471ec623e56d98536b3c1e2206\"><span>M\u00e1s informaci\u00f3n<\/span><\/a>[\/vc_column_inner][vc_column_inner width=\u00bb1\/3&#8243;][vc_single_image image=\u00bb3803&#8243; img_size=\u00bbfull\u00bb alignment=\u00bbcenter\u00bb][vc_column_text]<\/p>\n<h3>ENERG\u00cdAS RENOVABLES<\/h3>\n<p>En SAI Excellence te asesoramos para que tus instalaciones sean eficientes, fiables y f\u00e1ciles de mantener. Te ayudamos a gestionar la inversi\u00f3n y conseguir ahorros econ\u00f3micos reales. Disminuimos la dependencia de la empresa de las fuentes energ\u00e9ticas externas y entre todos mejoramos el planeta.[\/vc_column_text]<style type=\"text\/css\" data-type=\"the7_shortcodes-inline-css\">#default-btn-6d955cde5689fcceb5a60fbb5436f8ba.ico-right-side > i {\n  margin-right: 0px;\n  margin-left: 8px;\n}\n#default-btn-6d955cde5689fcceb5a60fbb5436f8ba > i {\n  margin-right: 8px;\n}<\/style><a href=\"\/es\/servicios\/energias-renovables\/\" class=\"default-btn-shortcode dt-btn dt-btn-m link-hover-off btn-inline-left \" id=\"default-btn-6d955cde5689fcceb5a60fbb5436f8ba\"><span>M\u00e1s informaci\u00f3n<\/span><\/a>[\/vc_column_inner][vc_column_inner width=\u00bb1\/3&#8243;][vc_single_image image=\u00bb3800&#8243; img_size=\u00bbfull\u00bb alignment=\u00bbcenter\u00bb][vc_column_text]<\/p>\n<h3>INSTALACIONES EL\u00c9CTRICAS<\/h3>\n<p>Hacemos instalaciones el\u00b7l\u00e8ctriques en edificios, hogares e industrias. Instalamos y mantenemos los aparatos, tramitando al mismo tiempo los boletines y certificados de revisi\u00f3n necesarios para que su instalaci\u00f3n sea homologada oficialmente.[\/vc_column_text][vc_empty_space height=\u00bb25&#8243;]<style type=\"text\/css\" data-type=\"the7_shortcodes-inline-css\">#default-btn-14008222b89d8b9a38248f1aafc55c52.ico-right-side > i {\n  margin-right: 0px;\n  margin-left: 8px;\n}\n#default-btn-14008222b89d8b9a38248f1aafc55c52 > i {\n  margin-right: 8px;\n}<\/style><a href=\"\/es\/servicios\/instalaciones-electricas\/\" class=\"default-btn-shortcode dt-btn dt-btn-m link-hover-off btn-inline-left \" id=\"default-btn-14008222b89d8b9a38248f1aafc55c52\"><span>M\u00e1s informaci\u00f3n<\/span><\/a>[\/vc_column_inner][\/vc_row_inner][\/vc_column][\/vc_row][vc_row full_width=\u00bbstretch_row\u00bb equal_height=\u00bbyes\u00bb content_placement=\u00bbmiddle\u00bb bg_type=\u00bbbg_color\u00bb css=\u00bb.vc_custom_1591971885793{margin-top: 3px !important;padding-top: 60px !important;padding-bottom: 60px !important;background-color: rgba(0,0,0,0.04) !important;*background-color: rgb(0,0,0) !important;}\u00bb bg_color_value=\u00bb#344037&#8243;][vc_column][vc_row_inner content_placement=\u00bbmiddle\u00bb][vc_column_inner width=\u00bb1\/3&#8243; css=\u00bb.vc_custom_1575403372934{padding-bottom: 30px !important;}\u00bb][vc_single_image image=\u00bb3739&#8243; img_size=\u00bbfull\u00bb alignment=\u00bbcenter\u00bb][\/vc_column_inner][vc_column_inner width=\u00bb2\/3&#8243; css=\u00bb.vc_custom_1575403379152{padding-bottom: 30px !important;}\u00bb][vc_column_text]<\/p>\n<h2><span style=\"color: #ffffff;\">TIEMPO DE ACTUACI\u00d3N<br \/>\n<\/span><\/h2>\n<p>[\/vc_column_text][vc_column_text]<span style=\"color: #ffffff;\">Todas nuestras modalidades de mantenimiento incluyen un tiempo m\u00e1ximo de respuesta de 24 \/ 48h, y una atenci\u00f3n telef\u00f3nica 24d x 7h 365 d\u00edas al a\u00f1o.<\/span>[\/vc_column_text][\/vc_column_inner][\/vc_row_inner][\/vc_column][\/vc_row][vc_row full_width=\u00bbstretch_row\u00bb bg_type=\u00bbbg_color\u00bb css=\u00bb.vc_custom_1591880554899{margin-top: 3px !important;padding-top: 60px !important;padding-bottom: 60px !important;}\u00bb bg_color_value=\u00bb#eeeeee\u00bb][vc_column width=\u00bb1\/4&#8243;][vc_single_image image=\u00bb3721&#8243; img_size=\u00bbfull\u00bb alignment=\u00bbcenter\u00bb image_hovers=\u00bbfalse\u00bb][vc_column_text]<\/p>\n<h3 style=\"text-align: center;\">Asistencia t\u00e9cnica<\/h3>\n<p>[\/vc_column_text][\/vc_column][vc_column width=\u00bb1\/4&#8243;][vc_single_image image=\u00bb3718&#8243; img_size=\u00bbfull\u00bb alignment=\u00bbcenter\u00bb image_hovers=\u00bbfalse\u00bb][vc_column_text]<\/p>\n<h3 style=\"text-align: center;\">Asesoramiento t\u00e9cnico<\/h3>\n<p>[\/vc_column_text][\/vc_column][vc_column width=\u00bb1\/4&#8243;][vc_single_image image=\u00bb3719&#8243; img_size=\u00bbfull\u00bb alignment=\u00bbcenter\u00bb image_hovers=\u00bbfalse\u00bb][vc_column_text]<\/p>\n<h3 style=\"text-align: center;\">Manuales en l\u00ednea<\/h3>\n<p>[\/vc_column_text][\/vc_column][vc_column width=\u00bb1\/4&#8243;][vc_single_image image=\u00bb3720&#8243; img_size=\u00bbfull\u00bb alignment=\u00bbcenter\u00bb image_hovers=\u00bbfalse\u00bb][vc_column_text]<\/p>\n<h3 style=\"text-align: center;\">Disponibilidad 24h<\/h3>\n<p>[\/vc_column_text][\/vc_column][\/vc_row][vc_row full_width=\u00bbstretch_row\u00bb bg_type=\u00bbimage\u00bb parallax_style=\u00bbvcpb-vz-jquery\u00bb bg_image_new=\u00bbid^3723|url^http:\/\/saiexcellence.com\/wp-content\/uploads\/2020\/06\/bg3.png|caption^null|alt^null|title^bg3|description^null\u00bb css=\u00bb.vc_custom_1591970701251{padding-top: 100px !important;padding-bottom: 100px !important;}\u00bb][vc_column width=\u00bb1\/6&#8243;][\/vc_column][vc_column width=\u00bb2\/3&#8243;][vc_column_text]<\/p>\n<h2 style=\"text-align: center;\">\u00bfNecesitas asesoramiento?<\/h2>\n<p>[\/vc_column_text][vc_column_text]<\/p>\n<p style=\"text-align: center;\">Si no tienes claro qu\u00e9 modalidad es la que necesitas, no lo dudes, contacta con nosotros y te asesoramos<\/p>\n<p>[\/vc_column_text]<style type=\"text\/css\" data-type=\"the7_shortcodes-inline-css\">#default-btn-1d31d2dfe0ed1b711cb63bb61d93f94c.ico-right-side > i {\n  margin-right: 0px;\n  margin-left: 8px;\n}\n#default-btn-1d31d2dfe0ed1b711cb63bb61d93f94c > i {\n  margin-right: 8px;\n}<\/style><div class=\"btn-align-center\"><a href=\"\/es\/contacto\/\" class=\"default-btn-shortcode dt-btn dt-btn-l link-hover-off \" id=\"default-btn-1d31d2dfe0ed1b711cb63bb61d93f94c\"><span>Contacta<\/span><\/a><\/div>[\/vc_column][vc_column width=\u00bb1\/6&#8243;][\/vc_column][\/vc_row]<\/p>\n<\/div>","protected":false},"excerpt":{"rendered":"<p>[vc_row css=\u00bb.vc_custom_1591880069083{padding-top: 40px !important;padding-bottom: 100px !important;}\u00bb][vc_column][vc_column_text] SERVICIOS [\/vc_column_text][vc_empty_space height=\u00bb20px\u00bb][vc_row_inner css=\u00bb.vc_custom_1591878686436{margin-top: 30px !important;}\u00bb][vc_column_inner width=\u00bb1\/3&#8243;][vc_single_image image=\u00bb3772&#8243; img_size=\u00bbfull\u00bb alignment=\u00bbcenter\u00bb][vc_column_text] MANTENIMIENTO Y SUMINISTRO DE SAIS Todas nuestras modalidades de mantenimiento incluyen una visita preventiva (m\u00e1s si el cliente lo requiere). Visita en la que se puede prever a un a\u00f1o vista qu\u00e9 elementos de desgaste, como bater\u00edas y condensadores,&hellip;<\/p>\n","protected":false},"author":1,"featured_media":0,"parent":0,"menu_order":20,"comment_status":"closed","ping_status":"closed","template":"","meta":{"footnotes":""},"class_list":["post-4021","page","type-page","status-publish","hentry","description-off"],"yoast_head":"<!-- This site is optimized with the Yoast SEO plugin v27.5 - https:\/\/yoast.com\/product\/yoast-seo-wordpress\/ -->\n<title>Servicios - SAI Excellence Instalaci\u00f3n y mantenimiento de SAIs<\/title>\n<meta name=\"description\" content=\"En SAI Excellence te ofrecemos instalaciones eficientes y f\u00e1ciles de mantener. Todas nuestras modalidades de mantenimiento incluyen visita preventiva.\" \/>\n<meta name=\"robots\" content=\"index, follow, max-snippet:-1, max-image-preview:large, max-video-preview:-1\" \/>\n<link rel=\"canonical\" href=\"https:\/\/saiexcellence.com\/es\/servicios\/\" \/>\n<meta property=\"og:locale\" content=\"es_ES\" \/>\n<meta property=\"og:type\" content=\"article\" \/>\n<meta property=\"og:title\" content=\"SAI Excellence - Instalaci\u00f3n y mantenimiento de SAIs\" \/>\n<meta property=\"og:description\" content=\"A SAI Excellence te asesoramos para que tus instalaciones sean eficientes, fiables y f\u00e1ciles de mantener. Todas nuestras modalidades de mantenimiento incluyen una visita preventiva.\" \/>\n<meta property=\"og:url\" content=\"https:\/\/saiexcellence.com\/es\/servicios\/\" \/>\n<meta property=\"og:site_name\" content=\"SAI Excellence\" \/>\n<meta property=\"article:modified_time\" content=\"2020-07-09T12:32:33+00:00\" \/>\n<meta property=\"og:image\" content=\"https:\/\/saiexcellence.com\/wp-content\/uploads\/2020\/06\/circuit-3682709_1920.jpg\" \/>\n\t<meta property=\"og:image:width\" content=\"1920\" \/>\n\t<meta property=\"og:image:height\" content=\"1280\" \/>\n\t<meta property=\"og:image:type\" content=\"image\/jpeg\" \/>\n<meta name=\"twitter:card\" content=\"summary_large_image\" \/>\n<meta name=\"twitter:title\" content=\"SAI Excellence - Instalaci\u00f3n y mantenimiento de SAIs\" \/>\n<meta name=\"twitter:description\" content=\"A SAI Excellence te asesoramos para que tus instalaciones sean eficientes, fiables y f\u00e1ciles de mantener. Todas nuestras modalidades de mantenimiento incluyen una visita preventiva.\" \/>\n<meta name=\"twitter:image\" content=\"https:\/\/saiexcellence.com\/wp-content\/uploads\/2020\/06\/circuit-3682709_1920.jpg\" \/>\n<meta name=\"twitter:label1\" content=\"Tiempo de lectura\" \/>\n\t<meta name=\"twitter:data1\" content=\"3 minutos\" \/>\n<script type=\"application\/ld+json\" class=\"yoast-schema-graph\">{\"@context\":\"https:\\\/\\\/schema.org\",\"@graph\":[{\"@type\":\"WebPage\",\"@id\":\"https:\\\/\\\/saiexcellence.com\\\/es\\\/servicios\\\/\",\"url\":\"https:\\\/\\\/saiexcellence.com\\\/es\\\/servicios\\\/\",\"name\":\"Servicios - SAI Excellence Instalaci\u00f3n y mantenimiento de SAIs\",\"isPartOf\":{\"@id\":\"https:\\\/\\\/saiexcellence.com\\\/#website\"},\"datePublished\":\"2019-10-16T14:13:12+00:00\",\"dateModified\":\"2020-07-09T12:32:33+00:00\",\"description\":\"En SAI Excellence te ofrecemos instalaciones eficientes y f\u00e1ciles de mantener. Todas nuestras modalidades de mantenimiento incluyen visita preventiva.\",\"breadcrumb\":{\"@id\":\"https:\\\/\\\/saiexcellence.com\\\/es\\\/servicios\\\/#breadcrumb\"},\"inLanguage\":\"es\",\"potentialAction\":[{\"@type\":\"ReadAction\",\"target\":[\"https:\\\/\\\/saiexcellence.com\\\/es\\\/servicios\\\/\"]}]},{\"@type\":\"BreadcrumbList\",\"@id\":\"https:\\\/\\\/saiexcellence.com\\\/es\\\/servicios\\\/#breadcrumb\",\"itemListElement\":[{\"@type\":\"ListItem\",\"position\":1,\"name\":\"Inici\",\"item\":\"https:\\\/\\\/saiexcellence.com\\\/es\\\/\"},{\"@type\":\"ListItem\",\"position\":2,\"name\":\"Servicios\"}]},{\"@type\":\"WebSite\",\"@id\":\"https:\\\/\\\/saiexcellence.com\\\/#website\",\"url\":\"https:\\\/\\\/saiexcellence.com\\\/\",\"name\":\"SAI Excellence\",\"description\":\"Instalaci\u00f3n y mantenimiento de SAIs\",\"publisher\":{\"@id\":\"https:\\\/\\\/saiexcellence.com\\\/#organization\"},\"potentialAction\":[{\"@type\":\"SearchAction\",\"target\":{\"@type\":\"EntryPoint\",\"urlTemplate\":\"https:\\\/\\\/saiexcellence.com\\\/?s={search_term_string}\"},\"query-input\":{\"@type\":\"PropertyValueSpecification\",\"valueRequired\":true,\"valueName\":\"search_term_string\"}}],\"inLanguage\":\"es\"},{\"@type\":\"Organization\",\"@id\":\"https:\\\/\\\/saiexcellence.com\\\/#organization\",\"name\":\"SAI Excellence\",\"url\":\"https:\\\/\\\/saiexcellence.com\\\/\",\"logo\":{\"@type\":\"ImageObject\",\"inLanguage\":\"es\",\"@id\":\"https:\\\/\\\/saiexcellence.com\\\/#\\\/schema\\\/logo\\\/image\\\/\",\"url\":\"https:\\\/\\\/saiexcellence.com\\\/wp-content\\\/uploads\\\/2020\\\/06\\\/SAI-retina.png\",\"contentUrl\":\"https:\\\/\\\/saiexcellence.com\\\/wp-content\\\/uploads\\\/2020\\\/06\\\/SAI-retina.png\",\"width\":200,\"height\":200,\"caption\":\"SAI Excellence\"},\"image\":{\"@id\":\"https:\\\/\\\/saiexcellence.com\\\/#\\\/schema\\\/logo\\\/image\\\/\"}}]}<\/script>\n<!-- \/ Yoast SEO plugin. -->","yoast_head_json":{"title":"Servicios - SAI Excellence Instalaci\u00f3n y mantenimiento de SAIs","description":"En SAI Excellence te ofrecemos instalaciones eficientes y f\u00e1ciles de mantener. Todas nuestras modalidades de mantenimiento incluyen visita preventiva.","robots":{"index":"index","follow":"follow","max-snippet":"max-snippet:-1","max-image-preview":"max-image-preview:large","max-video-preview":"max-video-preview:-1"},"canonical":"https:\/\/saiexcellence.com\/es\/servicios\/","og_locale":"es_ES","og_type":"article","og_title":"SAI Excellence - Instalaci\u00f3n y mantenimiento de SAIs","og_description":"A SAI Excellence te asesoramos para que tus instalaciones sean eficientes, fiables y f\u00e1ciles de mantener. Todas nuestras modalidades de mantenimiento incluyen una visita preventiva.","og_url":"https:\/\/saiexcellence.com\/es\/servicios\/","og_site_name":"SAI Excellence","article_modified_time":"2020-07-09T12:32:33+00:00","og_image":[{"width":1920,"height":1280,"url":"https:\/\/saiexcellence.com\/wp-content\/uploads\/2020\/06\/circuit-3682709_1920.jpg","type":"image\/jpeg"}],"twitter_card":"summary_large_image","twitter_title":"SAI Excellence - Instalaci\u00f3n y mantenimiento de SAIs","twitter_description":"A SAI Excellence te asesoramos para que tus instalaciones sean eficientes, fiables y f\u00e1ciles de mantener. Todas nuestras modalidades de mantenimiento incluyen una visita preventiva.","twitter_image":"https:\/\/saiexcellence.com\/wp-content\/uploads\/2020\/06\/circuit-3682709_1920.jpg","twitter_misc":{"Tiempo de lectura":"3 minutos"},"schema":{"@context":"https:\/\/schema.org","@graph":[{"@type":"WebPage","@id":"https:\/\/saiexcellence.com\/es\/servicios\/","url":"https:\/\/saiexcellence.com\/es\/servicios\/","name":"Servicios - SAI Excellence Instalaci\u00f3n y mantenimiento de SAIs","isPartOf":{"@id":"https:\/\/saiexcellence.com\/#website"},"datePublished":"2019-10-16T14:13:12+00:00","dateModified":"2020-07-09T12:32:33+00:00","description":"En SAI Excellence te ofrecemos instalaciones eficientes y f\u00e1ciles de mantener. Todas nuestras modalidades de mantenimiento incluyen visita preventiva.","breadcrumb":{"@id":"https:\/\/saiexcellence.com\/es\/servicios\/#breadcrumb"},"inLanguage":"es","potentialAction":[{"@type":"ReadAction","target":["https:\/\/saiexcellence.com\/es\/servicios\/"]}]},{"@type":"BreadcrumbList","@id":"https:\/\/saiexcellence.com\/es\/servicios\/#breadcrumb","itemListElement":[{"@type":"ListItem","position":1,"name":"Inici","item":"https:\/\/saiexcellence.com\/es\/"},{"@type":"ListItem","position":2,"name":"Servicios"}]},{"@type":"WebSite","@id":"https:\/\/saiexcellence.com\/#website","url":"https:\/\/saiexcellence.com\/","name":"SAI Excellence","description":"Instalaci\u00f3n y mantenimiento de SAIs","publisher":{"@id":"https:\/\/saiexcellence.com\/#organization"},"potentialAction":[{"@type":"SearchAction","target":{"@type":"EntryPoint","urlTemplate":"https:\/\/saiexcellence.com\/?s={search_term_string}"},"query-input":{"@type":"PropertyValueSpecification","valueRequired":true,"valueName":"search_term_string"}}],"inLanguage":"es"},{"@type":"Organization","@id":"https:\/\/saiexcellence.com\/#organization","name":"SAI Excellence","url":"https:\/\/saiexcellence.com\/","logo":{"@type":"ImageObject","inLanguage":"es","@id":"https:\/\/saiexcellence.com\/#\/schema\/logo\/image\/","url":"https:\/\/saiexcellence.com\/wp-content\/uploads\/2020\/06\/SAI-retina.png","contentUrl":"https:\/\/saiexcellence.com\/wp-content\/uploads\/2020\/06\/SAI-retina.png","width":200,"height":200,"caption":"SAI Excellence"},"image":{"@id":"https:\/\/saiexcellence.com\/#\/schema\/logo\/image\/"}}]}},"_links":{"self":[{"href":"https:\/\/saiexcellence.com\/es\/wp-json\/wp\/v2\/pages\/4021","targetHints":{"allow":["GET"]}}],"collection":[{"href":"https:\/\/saiexcellence.com\/es\/wp-json\/wp\/v2\/pages"}],"about":[{"href":"https:\/\/saiexcellence.com\/es\/wp-json\/wp\/v2\/types\/page"}],"author":[{"embeddable":true,"href":"https:\/\/saiexcellence.com\/es\/wp-json\/wp\/v2\/users\/1"}],"replies":[{"embeddable":true,"href":"https:\/\/saiexcellence.com\/es\/wp-json\/wp\/v2\/comments?post=4021"}],"version-history":[{"count":2,"href":"https:\/\/saiexcellence.com\/es\/wp-json\/wp\/v2\/pages\/4021\/revisions"}],"predecessor-version":[{"id":4023,"href":"https:\/\/saiexcellence.com\/es\/wp-json\/wp\/v2\/pages\/4021\/revisions\/4023"}],"wp:attachment":[{"href":"https:\/\/saiexcellence.com\/es\/wp-json\/wp\/v2\/media?parent=4021"}],"curies":[{"name":"wp","href":"https:\/\/api.w.org\/{rel}","templated":true}]}}