{"id":4008,"date":"2019-10-16T16:11:29","date_gmt":"2019-10-16T14:11:29","guid":{"rendered":"https:\/\/saiexcellence.com\/empresa\/"},"modified":"2020-07-09T12:30:50","modified_gmt":"2020-07-09T10:30:50","slug":"empresa","status":"publish","type":"page","link":"https:\/\/saiexcellence.com\/es\/empresa\/","title":{"rendered":"Empresa"},"content":{"rendered":"<div class=\"wpb-content-wrapper\"><p>[vc_row content_placement=\u00bbmiddle\u00bb css=\u00bb.vc_custom_1575390546273{padding-top: 55px !important;padding-bottom: 55px !important;}\u00bb][vc_column][vc_row_inner equal_height=\u00bbyes\u00bb content_placement=\u00bbmiddle\u00bb][vc_column_inner width=\u00bb1\/2&#8243; css=\u00bb.vc_custom_1592223282117{margin-top: 30px !important;margin-right: 25px !important;margin-bottom: 30px !important;margin-left: 25px !important;padding-top: 40% !important;padding-bottom: 40% !important;background-image: url(http:\/\/saiexcellence.com\/wp-content\/uploads\/2020\/06\/circuit-3682709_1920.jpg?id=3772) !important;background-position: center !important;background-repeat: no-repeat !important;background-size: cover !important;}\u00bb][\/vc_column_inner][vc_column_inner width=\u00bb1\/2&#8243; css=\u00bb.vc_custom_1575390506246{margin-top: 30px !important;margin-bottom: 30px !important;}\u00bb]<div id=\"ultimate-heading-11936a092578cae1d\" class=\"uvc-heading ult-adjust-bottom-margin ultimate-heading-11936a092578cae1d uvc-418 \" data-hspacer=\"no_spacer\"  data-halign=\"left\" style=\"text-align:left\"><div class=\"uvc-heading-spacer no_spacer\" style=\"top\"><\/div><div class=\"uvc-main-heading ult-responsive\"  data-ultimate-target='.uvc-heading.ultimate-heading-11936a092578cae1d h3'  data-responsive-json-new='{\"font-size\":\"desktop:34px;\",\"line-height\":\"desktop:24px;\"}' ><h3 style=\"font-weight:bold;color:#344037;margin-bottom:20px;\">SAI Excellence<\/h3><\/div><div class=\"uvc-sub-heading ult-responsive\"  data-ultimate-target='.uvc-heading.ultimate-heading-11936a092578cae1d .uvc-sub-heading '  data-responsive-json-new='{\"font-size\":\"desktop:24px;\",\"line-height\":\"desktop:34px;\"}'  style=\"font-weight:bold;color:#999999;margin-bottom:30px;\">21 a\u00f1os de experiencia nos avalan<\/div><\/div>[vc_column_text]Somos una empresa joven pero con 21 a\u00f1os de experiencia en instalaci\u00f3n y mantenimiento de SAIs que nos avalan. Nuestro objetivo es adecuarnos a las necesidades del cliente y que el S.A.I. sea un elemento de seguridad del que no tenga que preocuparse y d\u00e9 el servicio deseado cuando se le necesite.<\/p>\n<p>Despues de 21 a\u00f1os sabemos cu\u00e1les son las carencias a solucionar y aspectos a potenciar para que la satisfacci\u00f3n del cliente sea absoluta, por trato, respuesta y precio. Ofrecemos un trato directo y personal desde el primer d\u00eda.[\/vc_column_text][\/vc_column_inner][\/vc_row_inner][\/vc_column][\/vc_row][vc_row full_width=\u00bbstretch_row\u00bb bg_type=\u00bbbg_color\u00bb css=\u00bb.vc_custom_1592225428793{padding-top: 60px !important;}\u00bb bg_color_value=\u00bb#f6f6f6&#8243;][vc_column width=\u00bb1\/6&#8243;][\/vc_column][vc_column width=\u00bb2\/3&#8243;][vc_column_text]<\/p>\n<h2 style=\"text-align: center;\">Empresas que han confiado en nosotros<\/h2>\n<p>[\/vc_column_text][\/vc_column][vc_column width=\u00bb1\/6&#8243;][\/vc_column][\/vc_row][vc_row full_width=\u00bbstretch_row\u00bb bg_type=\u00bbbg_color\u00bb css=\u00bb.vc_custom_1592225459503{margin-bottom: 0px !important;padding-top: 20px !important;padding-bottom: 0px !important;}\u00bb bg_color_value=\u00bb#f6f6f6&#8243;][vc_column width=\u00bb1\/4&#8243;][vc_single_image image=\u00bb3780&#8243; img_size=\u00bbfull\u00bb alignment=\u00bbcenter\u00bb][\/vc_column][vc_column width=\u00bb1\/4&#8243;][vc_single_image image=\u00bb3786&#8243; img_size=\u00bbfull\u00bb alignment=\u00bbcenter\u00bb][\/vc_column][vc_column width=\u00bb1\/4&#8243;][vc_single_image image=\u00bb3782&#8243; img_size=\u00bbfull\u00bb alignment=\u00bbcenter\u00bb][\/vc_column][vc_column width=\u00bb1\/4&#8243;][vc_single_image image=\u00bb3781&#8243; img_size=\u00bbfull\u00bb alignment=\u00bbcenter\u00bb][\/vc_column][\/vc_row][vc_row full_width=\u00bbstretch_row\u00bb bg_type=\u00bbbg_color\u00bb css=\u00bb.vc_custom_1592225494581{padding-top: 0px !important;padding-bottom: 60px !important;}\u00bb bg_color_value=\u00bb#f6f6f6&#8243;][vc_column width=\u00bb1\/4&#8243;][vc_single_image image=\u00bb3785&#8243; img_size=\u00bbfull\u00bb alignment=\u00bbcenter\u00bb][\/vc_column][vc_column width=\u00bb1\/4&#8243;][vc_single_image image=\u00bb3784&#8243; img_size=\u00bbfull\u00bb alignment=\u00bbcenter\u00bb][\/vc_column][vc_column width=\u00bb1\/4&#8243;][vc_single_image image=\u00bb3787&#8243; img_size=\u00bbfull\u00bb alignment=\u00bbcenter\u00bb][\/vc_column][vc_column width=\u00bb1\/4&#8243;][vc_single_image image=\u00bb3783&#8243; img_size=\u00bbfull\u00bb alignment=\u00bbcenter\u00bb][\/vc_column][\/vc_row][vc_row full_width=\u00bbstretch_row\u00bb bg_type=\u00bbimage\u00bb parallax_style=\u00bbvcpb-vz-jquery\u00bb bg_image_new=\u00bbid^3723|url^http:\/\/saiexcellence.com\/wp-content\/uploads\/2020\/06\/bg3.png|caption^null|alt^null|title^bg3|description^null\u00bb css=\u00bb.vc_custom_1591970701251{padding-top: 100px !important;padding-bottom: 100px !important;}\u00bb][vc_column width=\u00bb1\/6&#8243;][\/vc_column][vc_column width=\u00bb2\/3&#8243;][vc_column_text]<\/p>\n<h2 style=\"text-align: center;\">\u00bfNecesitas asesoramiento?<\/h2>\n<p>[\/vc_column_text][vc_column_text]<\/p>\n<p style=\"text-align: center;\">Si no tienes claro qu\u00e9 modalidad es la que necesitas, no lo dudes, contacta con nosotros y te asesoramos<\/p>\n<p>[\/vc_column_text]<style type=\"text\/css\" data-type=\"the7_shortcodes-inline-css\">#default-btn-1d31d2dfe0ed1b711cb63bb61d93f94c.ico-right-side > i {\n  margin-right: 0px;\n  margin-left: 8px;\n}\n#default-btn-1d31d2dfe0ed1b711cb63bb61d93f94c > i {\n  margin-right: 8px;\n}<\/style><div class=\"btn-align-center\"><a href=\"\/es\/contacto\/\" class=\"default-btn-shortcode dt-btn dt-btn-l link-hover-off \" id=\"default-btn-1d31d2dfe0ed1b711cb63bb61d93f94c\"><span>Contacta<\/span><\/a><\/div>[\/vc_column][vc_column width=\u00bb1\/6&#8243;][\/vc_column][\/vc_row]<\/p>\n<\/div>","protected":false},"excerpt":{"rendered":"<p>[vc_row content_placement=\u00bbmiddle\u00bb css=\u00bb.vc_custom_1575390546273{padding-top: 55px !important;padding-bottom: 55px !important;}\u00bb][vc_column][vc_row_inner equal_height=\u00bbyes\u00bb content_placement=\u00bbmiddle\u00bb][vc_column_inner width=\u00bb1\/2&#8243; css=\u00bb.vc_custom_1592223282117{margin-top: 30px !important;margin-right: 25px !important;margin-bottom: 30px !important;margin-left: 25px !important;padding-top: 40% !important;padding-bottom: 40% !important;background-image: url(http:\/\/saiexcellence.com\/wp-content\/uploads\/2020\/06\/circuit-3682709_1920.jpg?id=3772) !important;background-position: center !important;background-repeat: no-repeat !important;background-size: cover !important;}\u00bb][\/vc_column_inner][vc_column_inner width=\u00bb1\/2&#8243; css=\u00bb.vc_custom_1575390506246{margin-top: 30px !important;margin-bottom: 30px !important;}\u00bb][vc_column_text]Somos una empresa joven pero con 21 a\u00f1os de experiencia en instalaci\u00f3n y mantenimiento de SAIs que nos avalan.&hellip;<\/p>\n","protected":false},"author":1,"featured_media":0,"parent":0,"menu_order":10,"comment_status":"closed","ping_status":"closed","template":"","meta":{"footnotes":""},"class_list":["post-4008","page","type-page","status-publish","hentry","description-off"],"yoast_head":"<!-- This site is optimized with the Yoast SEO plugin v27.5 - https:\/\/yoast.com\/product\/yoast-seo-wordpress\/ -->\n<title>Empresa - SAI Excellence Instalaci\u00f3n y mantenimiento de SAIs<\/title>\n<meta name=\"description\" content=\"En SAI Excellence tenemos 21 a\u00f1os de experiencia en instalaci\u00f3n y mantenimiento de SAIs, instalaciones el\u00e9ctricas y asesoramiento en energ\u00edas renovables.\" \/>\n<meta name=\"robots\" content=\"index, follow, max-snippet:-1, max-image-preview:large, max-video-preview:-1\" \/>\n<link rel=\"canonical\" href=\"https:\/\/saiexcellence.com\/es\/empresa\/\" \/>\n<meta property=\"og:locale\" content=\"es_ES\" \/>\n<meta property=\"og:type\" content=\"article\" \/>\n<meta property=\"og:title\" content=\"SAI Excellence - Instalaci\u00f3n y mantenimiento de SAIs\" \/>\n<meta property=\"og:description\" content=\"Somos especialistas en instalaci\u00f3n y mantenimiento de SAIs, instalaciones el\u00e9ctricas y energ\u00edas renovables. Tenemos 21 a\u00f1os de experiencia en el sector.\" \/>\n<meta property=\"og:url\" content=\"https:\/\/saiexcellence.com\/es\/empresa\/\" \/>\n<meta property=\"og:site_name\" content=\"SAI Excellence\" \/>\n<meta property=\"article:modified_time\" content=\"2020-07-09T10:30:50+00:00\" \/>\n<meta property=\"og:image\" content=\"https:\/\/saiexcellence.com\/wp-content\/uploads\/2020\/06\/SAI-retina.png\" \/>\n\t<meta property=\"og:image:width\" content=\"200\" \/>\n\t<meta property=\"og:image:height\" content=\"200\" \/>\n\t<meta property=\"og:image:type\" content=\"image\/png\" \/>\n<meta name=\"twitter:card\" content=\"summary_large_image\" \/>\n<meta name=\"twitter:title\" content=\"SAI Excellence - Instalaci\u00f3n y mantenimiento de SAIs\" \/>\n<meta name=\"twitter:description\" content=\"Somos especialistas en instalaci\u00f3n y mantenimiento de SAIs, instalaciones el\u00e9ctricas y energ\u00edas renovables. Tenemos 21 a\u00f1os de experiencia en el sector.\" \/>\n<meta name=\"twitter:image\" content=\"https:\/\/saiexcellence.com\/wp-content\/uploads\/2020\/06\/SAI-retina.png\" \/>\n<meta name=\"twitter:label1\" content=\"Tiempo de lectura\" \/>\n\t<meta name=\"twitter:data1\" content=\"3 minutos\" \/>\n<script type=\"application\/ld+json\" class=\"yoast-schema-graph\">{\"@context\":\"https:\\\/\\\/schema.org\",\"@graph\":[{\"@type\":\"WebPage\",\"@id\":\"https:\\\/\\\/saiexcellence.com\\\/es\\\/empresa\\\/\",\"url\":\"https:\\\/\\\/saiexcellence.com\\\/es\\\/empresa\\\/\",\"name\":\"Empresa - SAI Excellence Instalaci\u00f3n y mantenimiento de SAIs\",\"isPartOf\":{\"@id\":\"https:\\\/\\\/saiexcellence.com\\\/#website\"},\"datePublished\":\"2019-10-16T14:11:29+00:00\",\"dateModified\":\"2020-07-09T10:30:50+00:00\",\"description\":\"En SAI Excellence tenemos 21 a\u00f1os de experiencia en instalaci\u00f3n y mantenimiento de SAIs, instalaciones el\u00e9ctricas y asesoramiento en energ\u00edas renovables.\",\"breadcrumb\":{\"@id\":\"https:\\\/\\\/saiexcellence.com\\\/es\\\/empresa\\\/#breadcrumb\"},\"inLanguage\":\"es\",\"potentialAction\":[{\"@type\":\"ReadAction\",\"target\":[\"https:\\\/\\\/saiexcellence.com\\\/es\\\/empresa\\\/\"]}]},{\"@type\":\"BreadcrumbList\",\"@id\":\"https:\\\/\\\/saiexcellence.com\\\/es\\\/empresa\\\/#breadcrumb\",\"itemListElement\":[{\"@type\":\"ListItem\",\"position\":1,\"name\":\"Inici\",\"item\":\"https:\\\/\\\/saiexcellence.com\\\/es\\\/\"},{\"@type\":\"ListItem\",\"position\":2,\"name\":\"Empresa\"}]},{\"@type\":\"WebSite\",\"@id\":\"https:\\\/\\\/saiexcellence.com\\\/#website\",\"url\":\"https:\\\/\\\/saiexcellence.com\\\/\",\"name\":\"SAI Excellence\",\"description\":\"Instalaci\u00f3n y mantenimiento de SAIs\",\"publisher\":{\"@id\":\"https:\\\/\\\/saiexcellence.com\\\/#organization\"},\"potentialAction\":[{\"@type\":\"SearchAction\",\"target\":{\"@type\":\"EntryPoint\",\"urlTemplate\":\"https:\\\/\\\/saiexcellence.com\\\/?s={search_term_string}\"},\"query-input\":{\"@type\":\"PropertyValueSpecification\",\"valueRequired\":true,\"valueName\":\"search_term_string\"}}],\"inLanguage\":\"es\"},{\"@type\":\"Organization\",\"@id\":\"https:\\\/\\\/saiexcellence.com\\\/#organization\",\"name\":\"SAI Excellence\",\"url\":\"https:\\\/\\\/saiexcellence.com\\\/\",\"logo\":{\"@type\":\"ImageObject\",\"inLanguage\":\"es\",\"@id\":\"https:\\\/\\\/saiexcellence.com\\\/#\\\/schema\\\/logo\\\/image\\\/\",\"url\":\"https:\\\/\\\/saiexcellence.com\\\/wp-content\\\/uploads\\\/2020\\\/06\\\/SAI-retina.png\",\"contentUrl\":\"https:\\\/\\\/saiexcellence.com\\\/wp-content\\\/uploads\\\/2020\\\/06\\\/SAI-retina.png\",\"width\":200,\"height\":200,\"caption\":\"SAI Excellence\"},\"image\":{\"@id\":\"https:\\\/\\\/saiexcellence.com\\\/#\\\/schema\\\/logo\\\/image\\\/\"}}]}<\/script>\n<!-- \/ Yoast SEO plugin. -->","yoast_head_json":{"title":"Empresa - SAI Excellence Instalaci\u00f3n y mantenimiento de SAIs","description":"En SAI Excellence tenemos 21 a\u00f1os de experiencia en instalaci\u00f3n y mantenimiento de SAIs, instalaciones el\u00e9ctricas y asesoramiento en energ\u00edas renovables.","robots":{"index":"index","follow":"follow","max-snippet":"max-snippet:-1","max-image-preview":"max-image-preview:large","max-video-preview":"max-video-preview:-1"},"canonical":"https:\/\/saiexcellence.com\/es\/empresa\/","og_locale":"es_ES","og_type":"article","og_title":"SAI Excellence - Instalaci\u00f3n y mantenimiento de SAIs","og_description":"Somos especialistas en instalaci\u00f3n y mantenimiento de SAIs, instalaciones el\u00e9ctricas y energ\u00edas renovables. Tenemos 21 a\u00f1os de experiencia en el sector.","og_url":"https:\/\/saiexcellence.com\/es\/empresa\/","og_site_name":"SAI Excellence","article_modified_time":"2020-07-09T10:30:50+00:00","og_image":[{"width":200,"height":200,"url":"https:\/\/saiexcellence.com\/wp-content\/uploads\/2020\/06\/SAI-retina.png","type":"image\/png"}],"twitter_card":"summary_large_image","twitter_title":"SAI Excellence - Instalaci\u00f3n y mantenimiento de SAIs","twitter_description":"Somos especialistas en instalaci\u00f3n y mantenimiento de SAIs, instalaciones el\u00e9ctricas y energ\u00edas renovables. Tenemos 21 a\u00f1os de experiencia en el sector.","twitter_image":"https:\/\/saiexcellence.com\/wp-content\/uploads\/2020\/06\/SAI-retina.png","twitter_misc":{"Tiempo de lectura":"3 minutos"},"schema":{"@context":"https:\/\/schema.org","@graph":[{"@type":"WebPage","@id":"https:\/\/saiexcellence.com\/es\/empresa\/","url":"https:\/\/saiexcellence.com\/es\/empresa\/","name":"Empresa - SAI Excellence Instalaci\u00f3n y mantenimiento de SAIs","isPartOf":{"@id":"https:\/\/saiexcellence.com\/#website"},"datePublished":"2019-10-16T14:11:29+00:00","dateModified":"2020-07-09T10:30:50+00:00","description":"En SAI Excellence tenemos 21 a\u00f1os de experiencia en instalaci\u00f3n y mantenimiento de SAIs, instalaciones el\u00e9ctricas y asesoramiento en energ\u00edas renovables.","breadcrumb":{"@id":"https:\/\/saiexcellence.com\/es\/empresa\/#breadcrumb"},"inLanguage":"es","potentialAction":[{"@type":"ReadAction","target":["https:\/\/saiexcellence.com\/es\/empresa\/"]}]},{"@type":"BreadcrumbList","@id":"https:\/\/saiexcellence.com\/es\/empresa\/#breadcrumb","itemListElement":[{"@type":"ListItem","position":1,"name":"Inici","item":"https:\/\/saiexcellence.com\/es\/"},{"@type":"ListItem","position":2,"name":"Empresa"}]},{"@type":"WebSite","@id":"https:\/\/saiexcellence.com\/#website","url":"https:\/\/saiexcellence.com\/","name":"SAI Excellence","description":"Instalaci\u00f3n y mantenimiento de SAIs","publisher":{"@id":"https:\/\/saiexcellence.com\/#organization"},"potentialAction":[{"@type":"SearchAction","target":{"@type":"EntryPoint","urlTemplate":"https:\/\/saiexcellence.com\/?s={search_term_string}"},"query-input":{"@type":"PropertyValueSpecification","valueRequired":true,"valueName":"search_term_string"}}],"inLanguage":"es"},{"@type":"Organization","@id":"https:\/\/saiexcellence.com\/#organization","name":"SAI Excellence","url":"https:\/\/saiexcellence.com\/","logo":{"@type":"ImageObject","inLanguage":"es","@id":"https:\/\/saiexcellence.com\/#\/schema\/logo\/image\/","url":"https:\/\/saiexcellence.com\/wp-content\/uploads\/2020\/06\/SAI-retina.png","contentUrl":"https:\/\/saiexcellence.com\/wp-content\/uploads\/2020\/06\/SAI-retina.png","width":200,"height":200,"caption":"SAI Excellence"},"image":{"@id":"https:\/\/saiexcellence.com\/#\/schema\/logo\/image\/"}}]}},"_links":{"self":[{"href":"https:\/\/saiexcellence.com\/es\/wp-json\/wp\/v2\/pages\/4008","targetHints":{"allow":["GET"]}}],"collection":[{"href":"https:\/\/saiexcellence.com\/es\/wp-json\/wp\/v2\/pages"}],"about":[{"href":"https:\/\/saiexcellence.com\/es\/wp-json\/wp\/v2\/types\/page"}],"author":[{"embeddable":true,"href":"https:\/\/saiexcellence.com\/es\/wp-json\/wp\/v2\/users\/1"}],"replies":[{"embeddable":true,"href":"https:\/\/saiexcellence.com\/es\/wp-json\/wp\/v2\/comments?post=4008"}],"version-history":[{"count":2,"href":"https:\/\/saiexcellence.com\/es\/wp-json\/wp\/v2\/pages\/4008\/revisions"}],"predecessor-version":[{"id":4011,"href":"https:\/\/saiexcellence.com\/es\/wp-json\/wp\/v2\/pages\/4008\/revisions\/4011"}],"wp:attachment":[{"href":"https:\/\/saiexcellence.com\/es\/wp-json\/wp\/v2\/media?parent=4008"}],"curies":[{"name":"wp","href":"https:\/\/api.w.org\/{rel}","templated":true}]}}