{"id":3985,"date":"2019-10-16T16:11:47","date_gmt":"2019-10-16T14:11:47","guid":{"rendered":"https:\/\/saiexcellence.com\/inici\/"},"modified":"2020-07-08T14:39:41","modified_gmt":"2020-07-08T12:39:41","slug":"inici","status":"publish","type":"page","link":"https:\/\/saiexcellence.com\/es\/","title":{"rendered":"Inicio"},"content":{"rendered":"<p>[vc_row full_width=\u00bbstretch_row\u00bb bg_type=\u00bbimage\u00bb parallax_style=\u00bbvcpb-vz-jquery\u00bb bg_image_new=\u00bbid^3725|url^http:\/\/saiexcellence.com\/wp-content\/uploads\/2020\/06\/slide.jpg|caption^null|alt^null|title^slide|description^null\u00bb bg_image_repeat=\u00bbno-repeat\u00bb css=\u00bb.vc_custom_1591970638536{padding-top: 200px !important;padding-bottom: 200px !important;}\u00bb][vc_column width=\u00bb1\/6&#8243;][\/vc_column][vc_column width=\u00bb2\/3&#8243;][vc_column_text]<\/p>\n<h1 style=\"text-align: center;\"><span style=\"color: #ffffff;\">Especialistas en instalaci\u00f3n y mantenimiento<br \/>\nde SAIs<\/span><\/h1>\n<p>[\/vc_column_text][vc_column_text]<\/p>\n<h3 style=\"text-align: center;\"><span style=\"color: #ffffff;\"><span class=\"tlid-translation translation\" lang=\"es\"><span title=\"\">Te asesoramos<\/span> <span class=\"\" title=\"\">para conseguir<\/span> <span title=\"\">unas instalaciones<\/span> <span title=\"\">eficientes,<\/span> <span class=\"\" title=\"\">fiables<\/span> <span class=\"\" title=\"\">y f\u00e1ciles<\/span> <span class=\"\" title=\"\">de mantener<\/span><\/span><\/span><\/h3>\n<p>[\/vc_column_text]<style type=\"text\/css\" data-type=\"the7_shortcodes-inline-css\">#default-btn-6fb281b0eae1c74d9e37c183dfa2e024.ico-right-side > i {\n  margin-right: 0px;\n  margin-left: 8px;\n}\n#default-btn-6fb281b0eae1c74d9e37c183dfa2e024 > i {\n  margin-right: 8px;\n}\n<\/style><div class=\"btn-align-center\"><a href=\"\/es\/servicios\/\" class=\"default-btn-shortcode dt-btn dt-btn-l link-hover-off \" id=\"default-btn-6fb281b0eae1c74d9e37c183dfa2e024\"><span>M\u00e1s informaci\u00f3n<\/span><\/a><\/div>[\/vc_column][vc_column width=\u00bb1\/6&#8243;][\/vc_column][\/vc_row][vc_row full_width=\u00bbstretch_row\u00bb equal_height=\u00bbyes\u00bb bg_type=\u00bbbg_color\u00bb css=\u00bb.vc_custom_1594211979347{padding-top: 60px !important;padding-bottom: 60px !important;background-color: rgba(0,0,0,0.04) !important;*background-color: rgb(0,0,0) !important;}\u00bb bg_color_value=\u00bb#f6f6f6&#8243;][vc_column width=\u00bb1\/6&#8243;][\/vc_column][vc_column width=\u00bb2\/3&#8243;][vc_column_text]<\/p>\n<p style=\"text-align: center;\"><span class=\"tlid-translation translation\" lang=\"es\"><span title=\"\">En<\/span> <span title=\"\">SAI<\/span> <span title=\"\">Excellence<\/span> <span title=\"\">somos<\/span> <span class=\"\" title=\"\">especialistas en<\/span> <span title=\"\">instalaci\u00f3n y<\/span> <span title=\"\">mantenimiento<\/span> <span title=\"\">de<\/span> <span title=\"\">SAIs y<\/span> <span class=\"\" title=\"\">te ofrecemos<\/span> <span title=\"\">el asesoramiento<\/span> <span title=\"\">energ\u00e9tico<\/span> <span title=\"\">que necesitas<\/span> <span class=\"\" title=\"\">para conseguir un<\/span> <span title=\"\">ahorro<\/span> <span title=\"\">econ\u00f3mico con<\/span> <span title=\"\">las energ\u00edas<\/span> <span title=\"\">renovables<\/span><span title=\"\">.<\/span><\/span><\/p>\n<p>[\/vc_column_text][\/vc_column][vc_column width=\u00bb1\/6&#8243;][\/vc_column][\/vc_row][vc_row css=\u00bb.vc_custom_1594211860114{padding-top: 60px !important;padding-bottom: 100px !important;}\u00bb][vc_column][vc_column_text]<\/p>\n<h2 style=\"text-align: center;\">TODOS NUESTROS SERVICIOS<\/h2>\n<p>[\/vc_column_text][vc_empty_space height=\u00bb20px\u00bb][vc_row_inner css=\u00bb.vc_custom_1591878686436{margin-top: 30px !important;}\u00bb][vc_column_inner width=\u00bb1\/3&#8243;][vc_single_image image=\u00bb3772&#8243; img_size=\u00bbfull\u00bb alignment=\u00bbcenter\u00bb][vc_column_text]<\/p>\n<h3>MANTENIMIENTO Y SUMINISTRO DE SAIS<\/h3>\n<p>Todas nuestras modalidades de mantenimiento incluyen una visita preventiva (m\u00e1s si el cliente lo requiere). Visita en la que se puede prever a un a\u00f1o vista qu\u00e9 elementos de desgaste, como bater\u00edas y condensadores, pueden ser susceptibles de cambiarse durante el pr\u00f3ximo a\u00f1o.[\/vc_column_text]<style type=\"text\/css\" data-type=\"the7_shortcodes-inline-css\">#default-btn-39127a471ec623e56d98536b3c1e2206.ico-right-side > i {\n  margin-right: 0px;\n  margin-left: 8px;\n}\n#default-btn-39127a471ec623e56d98536b3c1e2206 > i {\n  margin-right: 8px;\n}\n<\/style><a href=\"\/es\/servicios\/modalidades-de-mantenimiento\/\" class=\"default-btn-shortcode dt-btn dt-btn-m link-hover-off btn-inline-left \" id=\"default-btn-39127a471ec623e56d98536b3c1e2206\"><span>M\u00e1s informaci\u00f3n<\/span><\/a>[\/vc_column_inner][vc_column_inner width=\u00bb1\/3&#8243;][vc_single_image image=\u00bb3803&#8243; img_size=\u00bbfull\u00bb alignment=\u00bbcenter\u00bb][vc_column_text]<\/p>\n<h3>ENERG\u00cdAS RENOVABLES<\/h3>\n<p>En SAI Excellence te asesoramos para que tus instalaciones sean eficientes, fiables y f\u00e1ciles de mantener. Te ayudamos a gestionar la inversi\u00f3n y a conseguir ahorros econ\u00f3micos reales. Disminuimos la dependencia de tu empresa de las fuentes energ\u00e9ticas externas y entre todos mejoramos el planeta.[\/vc_column_text]<style type=\"text\/css\" data-type=\"the7_shortcodes-inline-css\">#default-btn-6d955cde5689fcceb5a60fbb5436f8ba.ico-right-side > i {\n  margin-right: 0px;\n  margin-left: 8px;\n}\n#default-btn-6d955cde5689fcceb5a60fbb5436f8ba > i {\n  margin-right: 8px;\n}\n<\/style><a href=\"\/es\/servicios\/energias-renovables\/\" class=\"default-btn-shortcode dt-btn dt-btn-m link-hover-off btn-inline-left \" id=\"default-btn-6d955cde5689fcceb5a60fbb5436f8ba\"><span>M\u00e1s informaci\u00f3n<\/span><\/a>[\/vc_column_inner][vc_column_inner width=\u00bb1\/3&#8243;][vc_single_image image=\u00bb3800&#8243; img_size=\u00bbfull\u00bb alignment=\u00bbcenter\u00bb][vc_column_text]<\/p>\n<h3>INSTALACIONES EL\u00c9CTRICAS<\/h3>\n<p>Hacemos instalaciones el\u00e9ctricas en edificios, viviendas e industria. Instalamos y mantenemos los aparatos, tramitando al mismo tiempo los boletines y certificados de revisi\u00f3n necesarios para que su instalaci\u00f3n sea homologada oficialmente.[\/vc_column_text][vc_empty_space height=\u00bb25&#8243;]<style type=\"text\/css\" data-type=\"the7_shortcodes-inline-css\">#default-btn-14008222b89d8b9a38248f1aafc55c52.ico-right-side > i {\n  margin-right: 0px;\n  margin-left: 8px;\n}\n#default-btn-14008222b89d8b9a38248f1aafc55c52 > i {\n  margin-right: 8px;\n}\n<\/style><a href=\"\/es\/servicios\/instalaciones-electricas\/\" class=\"default-btn-shortcode dt-btn dt-btn-m link-hover-off btn-inline-left \" id=\"default-btn-14008222b89d8b9a38248f1aafc55c52\"><span>M\u00e1s informaci\u00f3n<\/span><\/a>[\/vc_column_inner][\/vc_row_inner][\/vc_column][\/vc_row][vc_row full_width=\u00bbstretch_row\u00bb equal_height=\u00bbyes\u00bb bg_type=\u00bbimage\u00bb parallax_style=\u00bbvcpb-vz-jquery\u00bb bg_image_new=\u00bbid^3712|url^http:\/\/saiexcellence.com\/wp-content\/uploads\/2020\/06\/bg1.jpg|caption^null|alt^null|title^bg1|description^null\u00bb bg_image_repeat=\u00bbno-repeat\u00bb css=\u00bb.vc_custom_1591970666788{padding-top: 100px !important;padding-bottom: 100px !important;background-color: rgba(0,0,0,0.04) !important;*background-color: rgb(0,0,0) !important;}\u00bb][vc_column][vc_row_inner][vc_column_inner width=\u00bb1\/2&#8243; css=\u00bb.vc_custom_1575403372934{padding-bottom: 30px !important;}\u00bb][vc_column_text]<\/p>\n<h2><span style=\"color: #ffffff;\">No te quedes<br \/>\nsin energ\u00eda<\/span><\/h2>\n<p>[\/vc_column_text]<style type=\"text\/css\" data-type=\"the7_shortcodes-inline-css\">#default-btn-10ca620b9cc42a76a98e6734c6611218.ico-right-side > i {\n  margin-right: 0px;\n  margin-left: 8px;\n}\n#default-btn-10ca620b9cc42a76a98e6734c6611218 > i {\n  margin-right: 8px;\n}\n<\/style><a href=\"\/es\/servicios\/\" class=\"default-btn-shortcode dt-btn dt-btn-l link-hover-off btn-inline-left \" id=\"default-btn-10ca620b9cc42a76a98e6734c6611218\"><span>M\u00e1s informaci\u00f3n<\/span><\/a>[\/vc_column_inner][vc_column_inner width=\u00bb1\/2&#8243; css=\u00bb.vc_custom_1575403379152{padding-bottom: 30px !important;}\u00bb][\/vc_column_inner][\/vc_row_inner][\/vc_column][\/vc_row][vc_row full_width=\u00bbstretch_row\u00bb equal_height=\u00bbyes\u00bb bg_type=\u00bbimage\u00bb parallax_style=\u00bbvcpb-vz-jquery\u00bb bg_image_new=\u00bbid^3715|url^http:\/\/saiexcellence.com\/wp-content\/uploads\/2020\/06\/bg2.jpg|caption^null|alt^null|title^bg2|description^null\u00bb bg_image_repeat=\u00bbno-repeat\u00bb css=\u00bb.vc_custom_1591970674274{margin-top: 3px !important;padding-top: 100px !important;padding-bottom: 100px !important;background-color: rgba(0,0,0,0.04) !important;*background-color: rgb(0,0,0) !important;}\u00bb][vc_column][vc_row_inner][vc_column_inner width=\u00bb1\/2&#8243; css=\u00bb.vc_custom_1575403372934{padding-bottom: 30px !important;}\u00bb][\/vc_column_inner][vc_column_inner width=\u00bb1\/2&#8243; css=\u00bb.vc_custom_1575403379152{padding-bottom: 30px !important;}\u00bb][vc_column_text]<\/p>\n<h2 style=\"text-align: right;\"><span style=\"color: #ffffff;\">Tenemos equipos SAI para grandes<br \/>\nempresas e industrias<\/span><\/h2>\n<p>[\/vc_column_text]<style type=\"text\/css\" data-type=\"the7_shortcodes-inline-css\">#default-btn-8df155d44d812c5754e7f3b54f194dca.ico-right-side > i {\n  margin-right: 0px;\n  margin-left: 8px;\n}\n#default-btn-8df155d44d812c5754e7f3b54f194dca > i {\n  margin-right: 8px;\n}\n<\/style><a href=\"\/es\/servicios\/\" class=\"default-btn-shortcode dt-btn dt-btn-l link-hover-off btn-inline-right \" id=\"default-btn-8df155d44d812c5754e7f3b54f194dca\"><span>M\u00e1s informaci\u00f3n<\/span><\/a>[\/vc_column_inner][\/vc_row_inner][\/vc_column][\/vc_row][vc_row full_width=\u00bbstretch_row\u00bb bg_type=\u00bbbg_color\u00bb css=\u00bb.vc_custom_1591880554899{margin-top: 3px !important;padding-top: 60px !important;padding-bottom: 60px !important;}\u00bb bg_color_value=\u00bb#eeeeee\u00bb][vc_column width=\u00bb1\/4&#8243;][vc_single_image image=\u00bb3721&#8243; img_size=\u00bbfull\u00bb alignment=\u00bbcenter\u00bb image_hovers=\u00bbfalse\u00bb][vc_column_text]<\/p>\n<h3 style=\"text-align: center;\">Asistencia t\u00e9cnica<\/h3>\n<p>[\/vc_column_text][\/vc_column][vc_column width=\u00bb1\/4&#8243;][vc_single_image image=\u00bb3718&#8243; img_size=\u00bbfull\u00bb alignment=\u00bbcenter\u00bb image_hovers=\u00bbfalse\u00bb][vc_column_text]<\/p>\n<h3 style=\"text-align: center;\">Asesoramiento t\u00e9cnico<\/h3>\n<p>[\/vc_column_text][\/vc_column][vc_column width=\u00bb1\/4&#8243;][vc_single_image image=\u00bb3719&#8243; img_size=\u00bbfull\u00bb alignment=\u00bbcenter\u00bb image_hovers=\u00bbfalse\u00bb][vc_column_text]<\/p>\n<h3 style=\"text-align: center;\">Manuales en l\u00ednea<\/h3>\n<p>[\/vc_column_text][\/vc_column][vc_column width=\u00bb1\/4&#8243;][vc_single_image image=\u00bb3720&#8243; img_size=\u00bbfull\u00bb alignment=\u00bbcenter\u00bb image_hovers=\u00bbfalse\u00bb][vc_column_text]<\/p>\n<h3 style=\"text-align: center;\">Disponibilidad 24h<\/h3>\n<p>[\/vc_column_text][\/vc_column][\/vc_row][vc_row full_width=\u00bbstretch_row\u00bb bg_type=\u00bbimage\u00bb parallax_style=\u00bbvcpb-vz-jquery\u00bb bg_image_new=\u00bbid^3723|url^http:\/\/saiexcellence.com\/wp-content\/uploads\/2020\/06\/bg3.png|caption^null|alt^null|title^bg3|description^null\u00bb css=\u00bb.vc_custom_1591970701251{padding-top: 100px !important;padding-bottom: 100px !important;}\u00bb][vc_column width=\u00bb1\/6&#8243;][\/vc_column][vc_column width=\u00bb2\/3&#8243;][vc_column_text]<\/p>\n<h2 style=\"text-align: center;\">Promociones y novedades<\/h2>\n<p>[\/vc_column_text][vc_column_text]<\/p>\n<p style=\"text-align: center;\">Escr\u00edbenos si tienes dudas o quieres que te mantengamos informado de las novedades en nuestro cat\u00e1logo y productos destacados<\/p>\n<p>[\/vc_column_text]<style type=\"text\/css\" data-type=\"the7_shortcodes-inline-css\">#default-btn-1d31d2dfe0ed1b711cb63bb61d93f94c.ico-right-side > i {\n  margin-right: 0px;\n  margin-left: 8px;\n}\n#default-btn-1d31d2dfe0ed1b711cb63bb61d93f94c > i {\n  margin-right: 8px;\n}\n<\/style><div class=\"btn-align-center\"><a href=\"\/es\/contacto\/\" class=\"default-btn-shortcode dt-btn dt-btn-l link-hover-off \" id=\"default-btn-1d31d2dfe0ed1b711cb63bb61d93f94c\"><span>M\u00e1s informaci\u00f3n<\/span><\/a><\/div>[\/vc_column][vc_column width=\u00bb1\/6&#8243;][\/vc_column][\/vc_row]<\/p>\n","protected":false},"excerpt":{"rendered":"<p>[vc_row full_width=\u00bbstretch_row\u00bb bg_type=\u00bbimage\u00bb parallax_style=\u00bbvcpb-vz-jquery\u00bb bg_image_new=\u00bbid^3725|url^http:\/\/saiexcellence.com\/wp-content\/uploads\/2020\/06\/slide.jpg|caption^null|alt^null|title^slide|description^null\u00bb bg_image_repeat=\u00bbno-repeat\u00bb css=\u00bb.vc_custom_1591970638536{padding-top: 200px !important;padding-bottom: 200px !important;}\u00bb][vc_column width=\u00bb1\/6&#8243;][\/vc_column][vc_column width=\u00bb2\/3&#8243;][vc_column_text] Especialistas en instalaci\u00f3n y mantenimiento de SAIs [\/vc_column_text][vc_column_text] Te asesoramos para conseguir unas instalaciones eficientes, fiables y f\u00e1ciles de mantener [\/vc_column_text][\/vc_column][vc_column width=\u00bb1\/6&#8243;][\/vc_column][\/vc_row][vc_row full_width=\u00bbstretch_row\u00bb equal_height=\u00bbyes\u00bb bg_type=\u00bbbg_color\u00bb css=\u00bb.vc_custom_1594211979347{padding-top: 60px !important;padding-bottom: 60px !important;background-color: rgba(0,0,0,0.04) !important;*background-color: rgb(0,0,0) !important;}\u00bb bg_color_value=\u00bb#f6f6f6&#8243;][vc_column width=\u00bb1\/6&#8243;][\/vc_column][vc_column width=\u00bb2\/3&#8243;][vc_column_text] En SAI Excellence somos especialistas&hellip;<\/p>\n","protected":false},"author":1,"featured_media":0,"parent":0,"menu_order":0,"comment_status":"closed","ping_status":"closed","template":"","meta":[],"yoast_head":"<!-- This site is optimized with the Yoast SEO plugin v19.7.1 - https:\/\/yoast.com\/wordpress\/plugins\/seo\/ -->\n<title>Instalaci\u00f3n y mantenimiento de SAIs - SAI Excellence<\/title>\n<meta name=\"description\" content=\"En SAI Excellence somos especialistas en instalaci\u00f3n y mantenimiento de SAIs, te asesoramos para conseguir instalaciones eficientes y f\u00e1ciles de mantener.\" \/>\n<meta name=\"robots\" content=\"index, follow, max-snippet:-1, max-image-preview:large, max-video-preview:-1\" \/>\n<link rel=\"canonical\" href=\"https:\/\/saiexcellence.com\/es\/\" \/>\n<meta property=\"og:locale\" content=\"es_ES\" \/>\n<meta property=\"og:type\" content=\"article\" \/>\n<meta property=\"og:title\" content=\"Instalaci\u00f3n y mantenimiento de SAIs - SAI Excellence\" \/>\n<meta property=\"og:description\" content=\"En SAI Excellence somos especialistas en instalaci\u00f3n y mantenimiento de SAIs, te asesoramos para conseguir instalaciones eficientes y f\u00e1ciles de mantener.\" \/>\n<meta property=\"og:url\" content=\"https:\/\/saiexcellence.com\/es\/\" \/>\n<meta property=\"og:site_name\" content=\"SAI Excellence\" \/>\n<meta property=\"article:modified_time\" content=\"2020-07-08T12:39:41+00:00\" \/>\n<meta name=\"twitter:card\" content=\"summary_large_image\" \/>\n<meta name=\"twitter:label1\" content=\"Tiempo de lectura\" \/>\n\t<meta name=\"twitter:data1\" content=\"5 minutos\" \/>\n<script type=\"application\/ld+json\" class=\"yoast-schema-graph\">{\"@context\":\"https:\/\/schema.org\",\"@graph\":[{\"@type\":\"WebPage\",\"@id\":\"https:\/\/saiexcellence.com\/es\/\",\"url\":\"https:\/\/saiexcellence.com\/es\/\",\"name\":\"Instalaci\u00f3n y mantenimiento de SAIs - SAI Excellence\",\"isPartOf\":{\"@id\":\"https:\/\/saiexcellence.com\/#website\"},\"datePublished\":\"2019-10-16T14:11:47+00:00\",\"dateModified\":\"2020-07-08T12:39:41+00:00\",\"description\":\"En SAI Excellence somos especialistas en instalaci\u00f3n y mantenimiento de SAIs, te asesoramos para conseguir instalaciones eficientes y f\u00e1ciles de mantener.\",\"breadcrumb\":{\"@id\":\"https:\/\/saiexcellence.com\/es\/#breadcrumb\"},\"inLanguage\":\"es\",\"potentialAction\":[{\"@type\":\"ReadAction\",\"target\":[\"https:\/\/saiexcellence.com\/es\/\"]}]},{\"@type\":\"BreadcrumbList\",\"@id\":\"https:\/\/saiexcellence.com\/es\/#breadcrumb\",\"itemListElement\":[{\"@type\":\"ListItem\",\"position\":1,\"name\":\"Inici\",\"item\":\"https:\/\/saiexcellence.com\/es\/\"},{\"@type\":\"ListItem\",\"position\":2,\"name\":\"Inicio\"}]},{\"@type\":\"WebSite\",\"@id\":\"https:\/\/saiexcellence.com\/#website\",\"url\":\"https:\/\/saiexcellence.com\/\",\"name\":\"SAI Excellence\",\"description\":\"Instalaci\u00f3n y mantenimiento de SAIs\",\"publisher\":{\"@id\":\"https:\/\/saiexcellence.com\/#organization\"},\"potentialAction\":[{\"@type\":\"SearchAction\",\"target\":{\"@type\":\"EntryPoint\",\"urlTemplate\":\"https:\/\/saiexcellence.com\/?s={search_term_string}\"},\"query-input\":\"required name=search_term_string\"}],\"inLanguage\":\"es\"},{\"@type\":\"Organization\",\"@id\":\"https:\/\/saiexcellence.com\/#organization\",\"name\":\"SAI Excellence\",\"url\":\"https:\/\/saiexcellence.com\/\",\"sameAs\":[],\"logo\":{\"@type\":\"ImageObject\",\"inLanguage\":\"es\",\"@id\":\"https:\/\/saiexcellence.com\/#\/schema\/logo\/image\/\",\"url\":\"https:\/\/saiexcellence.com\/wp-content\/uploads\/2020\/06\/SAI-retina.png\",\"contentUrl\":\"https:\/\/saiexcellence.com\/wp-content\/uploads\/2020\/06\/SAI-retina.png\",\"width\":200,\"height\":200,\"caption\":\"SAI Excellence\"},\"image\":{\"@id\":\"https:\/\/saiexcellence.com\/#\/schema\/logo\/image\/\"}}]}<\/script>\n<!-- \/ Yoast SEO plugin. -->","yoast_head_json":{"title":"Instalaci\u00f3n y mantenimiento de SAIs - SAI Excellence","description":"En SAI Excellence somos especialistas en instalaci\u00f3n y mantenimiento de SAIs, te asesoramos para conseguir instalaciones eficientes y f\u00e1ciles de mantener.","robots":{"index":"index","follow":"follow","max-snippet":"max-snippet:-1","max-image-preview":"max-image-preview:large","max-video-preview":"max-video-preview:-1"},"canonical":"https:\/\/saiexcellence.com\/es\/","og_locale":"es_ES","og_type":"article","og_title":"Instalaci\u00f3n y mantenimiento de SAIs - SAI Excellence","og_description":"En SAI Excellence somos especialistas en instalaci\u00f3n y mantenimiento de SAIs, te asesoramos para conseguir instalaciones eficientes y f\u00e1ciles de mantener.","og_url":"https:\/\/saiexcellence.com\/es\/","og_site_name":"SAI Excellence","article_modified_time":"2020-07-08T12:39:41+00:00","twitter_card":"summary_large_image","twitter_misc":{"Tiempo de lectura":"5 minutos"},"schema":{"@context":"https:\/\/schema.org","@graph":[{"@type":"WebPage","@id":"https:\/\/saiexcellence.com\/es\/","url":"https:\/\/saiexcellence.com\/es\/","name":"Instalaci\u00f3n y mantenimiento de SAIs - SAI Excellence","isPartOf":{"@id":"https:\/\/saiexcellence.com\/#website"},"datePublished":"2019-10-16T14:11:47+00:00","dateModified":"2020-07-08T12:39:41+00:00","description":"En SAI Excellence somos especialistas en instalaci\u00f3n y mantenimiento de SAIs, te asesoramos para conseguir instalaciones eficientes y f\u00e1ciles de mantener.","breadcrumb":{"@id":"https:\/\/saiexcellence.com\/es\/#breadcrumb"},"inLanguage":"es","potentialAction":[{"@type":"ReadAction","target":["https:\/\/saiexcellence.com\/es\/"]}]},{"@type":"BreadcrumbList","@id":"https:\/\/saiexcellence.com\/es\/#breadcrumb","itemListElement":[{"@type":"ListItem","position":1,"name":"Inici","item":"https:\/\/saiexcellence.com\/es\/"},{"@type":"ListItem","position":2,"name":"Inicio"}]},{"@type":"WebSite","@id":"https:\/\/saiexcellence.com\/#website","url":"https:\/\/saiexcellence.com\/","name":"SAI Excellence","description":"Instalaci\u00f3n y mantenimiento de SAIs","publisher":{"@id":"https:\/\/saiexcellence.com\/#organization"},"potentialAction":[{"@type":"SearchAction","target":{"@type":"EntryPoint","urlTemplate":"https:\/\/saiexcellence.com\/?s={search_term_string}"},"query-input":"required name=search_term_string"}],"inLanguage":"es"},{"@type":"Organization","@id":"https:\/\/saiexcellence.com\/#organization","name":"SAI Excellence","url":"https:\/\/saiexcellence.com\/","sameAs":[],"logo":{"@type":"ImageObject","inLanguage":"es","@id":"https:\/\/saiexcellence.com\/#\/schema\/logo\/image\/","url":"https:\/\/saiexcellence.com\/wp-content\/uploads\/2020\/06\/SAI-retina.png","contentUrl":"https:\/\/saiexcellence.com\/wp-content\/uploads\/2020\/06\/SAI-retina.png","width":200,"height":200,"caption":"SAI Excellence"},"image":{"@id":"https:\/\/saiexcellence.com\/#\/schema\/logo\/image\/"}}]}},"_links":{"self":[{"href":"https:\/\/saiexcellence.com\/es\/wp-json\/wp\/v2\/pages\/3985"}],"collection":[{"href":"https:\/\/saiexcellence.com\/es\/wp-json\/wp\/v2\/pages"}],"about":[{"href":"https:\/\/saiexcellence.com\/es\/wp-json\/wp\/v2\/types\/page"}],"author":[{"embeddable":true,"href":"https:\/\/saiexcellence.com\/es\/wp-json\/wp\/v2\/users\/1"}],"replies":[{"embeddable":true,"href":"https:\/\/saiexcellence.com\/es\/wp-json\/wp\/v2\/comments?post=3985"}],"version-history":[{"count":8,"href":"https:\/\/saiexcellence.com\/es\/wp-json\/wp\/v2\/pages\/3985\/revisions"}],"predecessor-version":[{"id":4005,"href":"https:\/\/saiexcellence.com\/es\/wp-json\/wp\/v2\/pages\/3985\/revisions\/4005"}],"wp:attachment":[{"href":"https:\/\/saiexcellence.com\/es\/wp-json\/wp\/v2\/media?parent=3985"}],"curies":[{"name":"wp","href":"https:\/\/api.w.org\/{rel}","templated":true}]}}